{"id":15,"date":"2013-01-20T18:44:00","date_gmt":"2013-01-20T16:44:00","guid":{"rendered":"http:\/\/www.ruandahilfe.de\/?page_id=15"},"modified":"2020-06-07T15:04:09","modified_gmt":"2020-06-07T13:04:09","slug":"willkommen-bei-ruandahilfe-e-v","status":"publish","type":"page","link":"http:\/\/www.ruandahilfe.de\/","title":{"rendered":"Willkommen bei Ruandahilfe e.V.!"},"content":{"rendered":"<p><strong><a href=\"http:\/\/www.ruandahilfe.de\/?attachment_id=54\" rel=\"attachment wp-att-54\"><img loading=\"lazy\" class=\" wp-image-54 alignleft\" title=\"Frau mit Kindern\" src=\"http:\/\/www.ruandahilfe.de\/wp-content\/uploads\/2013\/01\/Frau-3.jpg\" alt=\"\" width=\"377\" height=\"282\" srcset=\"http:\/\/www.ruandahilfe.de\/wp-content\/uploads\/2013\/01\/Frau-3.jpg 1600w, http:\/\/www.ruandahilfe.de\/wp-content\/uploads\/2013\/01\/Frau-3-300x225.jpg 300w, http:\/\/www.ruandahilfe.de\/wp-content\/uploads\/2013\/01\/Frau-3-1024x768.jpg 1024w\" sizes=\"(max-width: 377px) 100vw, 377px\" \/><\/a>Vielen Dank f\u00fcr Ihr Interesse!<\/strong><\/p>\n<p>Ruandahilfe e.V. unterst\u00fctzt wirtschaftlich und sozial benachteiligte Menschen in Afrika unabh\u00e4ngig von Alter, Ethnie und Religion \u2013 insbesondere Frauen und V\u00f6lkermord\u00fcberlebende. Dabei kooperieren wir eng mit unserer ruandischen Partnerorganisation <a title=\"Tubahumurize\" href=\"http:\/\/www.rwandanwomencan.org\" target=\"_blank\">Tubahumurize<\/a>.<\/p>\n<p>Wir sind ein kleiner, sehr transparenter gemeinn\u00fctziger Verein, bei dem jeder Cent direkt in die\u00a0Projekte flie\u00dft. Unser aktuellstes Vorhaben: Der Bau von Ruandas erstem Frauenhaus!<\/p>\n<p>Ruandahilfe e.V.\u00a0wurde im Dezember 2012 gegr\u00fcndet. Wir freuen uns \u00fcber Ihren Besuch und laden Sie ein, sich auf unserer Seite umzusehen.<\/p>\n<p>Mit herzlichen Gr\u00fc\u00dfen<\/p>\n<p>Dr. Maria Goeth<br \/>\n<strong>1. Vorstand Ruandahilfe e.V.<\/strong><\/p>\n","protected":false},"excerpt":{"rendered":"<p>Vielen Dank f\u00fcr Ihr Interesse! Ruandahilfe e.V. unterst\u00fctzt wirtschaftlich und sozial benachteiligte Menschen in Afrika unabh\u00e4ngig von Alter, Ethnie und Religion \u2013 insbesondere Frauen und V\u00f6lkermord\u00fcberlebende. Dabei kooperieren wir eng mit unserer ruandischen Partnerorganisation Tubahumurize. Wir sind ein kleiner, sehr &hellip; <a href=\"http:\/\/www.ruandahilfe.de\/\">Weiterlesen <span class=\"meta-nav\">&rarr;<\/span><\/a><\/p>\n","protected":false},"author":1,"featured_media":0,"parent":0,"menu_order":0,"comment_status":"closed","ping_status":"closed","template":"","meta":[],"_links":{"self":[{"href":"http:\/\/www.ruandahilfe.de\/index.php?rest_route=\/wp\/v2\/pages\/15"}],"collection":[{"href":"http:\/\/www.ruandahilfe.de\/index.php?rest_route=\/wp\/v2\/pages"}],"about":[{"href":"http:\/\/www.ruandahilfe.de\/index.php?rest_route=\/wp\/v2\/types\/page"}],"author":[{"embeddable":true,"href":"http:\/\/www.ruandahilfe.de\/index.php?rest_route=\/wp\/v2\/users\/1"}],"replies":[{"embeddable":true,"href":"http:\/\/www.ruandahilfe.de\/index.php?rest_route=%2Fwp%2Fv2%2Fcomments&post=15"}],"version-history":[{"count":18,"href":"http:\/\/www.ruandahilfe.de\/index.php?rest_route=\/wp\/v2\/pages\/15\/revisions"}],"predecessor-version":[{"id":506,"href":"http:\/\/www.ruandahilfe.de\/index.php?rest_route=\/wp\/v2\/pages\/15\/revisions\/506"}],"wp:attachment":[{"href":"http:\/\/www.ruandahilfe.de\/index.php?rest_route=%2Fwp%2Fv2%2Fmedia&parent=15"}],"curies":[{"name":"wp","href":"https:\/\/api.w.org\/{rel}","templated":true}]}}