{"id":2,"date":"2013-01-20T15:49:58","date_gmt":"2013-01-20T15:49:58","guid":{"rendered":"http:\/\/www.ruandahilfe.de\/?page_id=2"},"modified":"2019-06-06T16:25:16","modified_gmt":"2019-06-06T14:25:16","slug":"beispiel-seite","status":"publish","type":"page","link":"http:\/\/www.ruandahilfe.de\/?page_id=2","title":{"rendered":"Kontakt"},"content":{"rendered":"<p><a href=\"http:\/\/www.ruandahilfe.de\/?attachment_id=40\" rel=\"attachment wp-att-40\"><img loading=\"lazy\" class=\"wp-image-40 alignleft\" src=\"http:\/\/www.ruandahilfe.de\/wp-content\/uploads\/2013\/01\/Freundschaft.jpg\" alt=\"Freundschaft\" width=\"265\" height=\"199\" srcset=\"http:\/\/www.ruandahilfe.de\/wp-content\/uploads\/2013\/01\/Freundschaft.jpg 2048w, http:\/\/www.ruandahilfe.de\/wp-content\/uploads\/2013\/01\/Freundschaft-300x225.jpg 300w, http:\/\/www.ruandahilfe.de\/wp-content\/uploads\/2013\/01\/Freundschaft-1024x768.jpg 1024w\" sizes=\"(max-width: 265px) 100vw, 265px\" \/><\/a><strong>Ruandahilfe e.V.<\/strong><br \/>\nHasenberglstr. 42a<br \/>\n80935 M\u00fcnchen<br \/>\nEmail: <a href=\"mailto:info@ruandahilfe.de\">info@ruandahilfe.de<\/a><\/p>\n<p><strong>Vorsitzende<\/strong><br \/>\nMaria Goeth<br \/>\nJosef-Felder-Str. 57<br \/>\n81241 M\u00fcnchen<br \/>\nTelefon: 0173-3196227<\/p>\n<h6>Zust\u00e4ndiges Amtsgericht f\u00fcr das Vereinsregister ist M\u00fcnchen. Die VR-Nummer lautet 204605.\u00a0Die Umsatzsteueridentifikationsnummer des Vereins ist die 143 \/ 221 \/ 00966.<\/h6>\n<p>&nbsp;<\/p>\n","protected":false},"excerpt":{"rendered":"<p>Ruandahilfe e.V. Hasenberglstr. 42a 80935 M\u00fcnchen Email: info@ruandahilfe.de Vorsitzende Maria Goeth Josef-Felder-Str. 57 81241 M\u00fcnchen Telefon: 0173-3196227 Zust\u00e4ndiges Amtsgericht f\u00fcr das Vereinsregister ist M\u00fcnchen. Die VR-Nummer lautet 204605.\u00a0Die Umsatzsteueridentifikationsnummer des Vereins ist die 143 \/ 221 \/ 00966. &nbsp;<\/p>\n","protected":false},"author":1,"featured_media":0,"parent":0,"menu_order":14,"comment_status":"closed","ping_status":"closed","template":"","meta":[],"_links":{"self":[{"href":"http:\/\/www.ruandahilfe.de\/index.php?rest_route=\/wp\/v2\/pages\/2"}],"collection":[{"href":"http:\/\/www.ruandahilfe.de\/index.php?rest_route=\/wp\/v2\/pages"}],"about":[{"href":"http:\/\/www.ruandahilfe.de\/index.php?rest_route=\/wp\/v2\/types\/page"}],"author":[{"embeddable":true,"href":"http:\/\/www.ruandahilfe.de\/index.php?rest_route=\/wp\/v2\/users\/1"}],"replies":[{"embeddable":true,"href":"http:\/\/www.ruandahilfe.de\/index.php?rest_route=%2Fwp%2Fv2%2Fcomments&post=2"}],"version-history":[{"count":14,"href":"http:\/\/www.ruandahilfe.de\/index.php?rest_route=\/wp\/v2\/pages\/2\/revisions"}],"predecessor-version":[{"id":475,"href":"http:\/\/www.ruandahilfe.de\/index.php?rest_route=\/wp\/v2\/pages\/2\/revisions\/475"}],"wp:attachment":[{"href":"http:\/\/www.ruandahilfe.de\/index.php?rest_route=%2Fwp%2Fv2%2Fmedia&parent=2"}],"curies":[{"name":"wp","href":"https:\/\/api.w.org\/{rel}","templated":true}]}}