{"id":23,"date":"2013-01-19T19:19:14","date_gmt":"2013-01-19T17:19:14","guid":{"rendered":"http:\/\/www.ruandahilfe.de\/?page_id=23"},"modified":"2013-01-20T21:05:07","modified_gmt":"2013-01-20T19:05:07","slug":"uber-uns","status":"publish","type":"page","link":"http:\/\/www.ruandahilfe.de\/?page_id=23","title":{"rendered":"\u00dcber uns"},"content":{"rendered":"<p><a href=\"http:\/\/www.ruandahilfe.de\/?attachment_id=24\" rel=\"attachment wp-att-24\"><img loading=\"lazy\" class=\"size-full wp-image-24 alignleft\" title=\"Frauen von Tubahumurize\" alt=\"\" src=\"http:\/\/www.ruandahilfe.de\/wp-content\/uploads\/2013\/01\/web-vision.jpg\" width=\"640\" height=\"331\" srcset=\"http:\/\/www.ruandahilfe.de\/wp-content\/uploads\/2013\/01\/web-vision.jpg 640w, http:\/\/www.ruandahilfe.de\/wp-content\/uploads\/2013\/01\/web-vision-300x155.jpg 300w\" sizes=\"(max-width: 640px) 100vw, 640px\" \/><\/a>Der gemeinn\u00fctzige Verein <strong>Ruandahilfe e.V.<\/strong> wurde im <strong>Dezember 2012<\/strong> gegr\u00fcndet. Das Ziel des Vereins ist es, den Menschen in Ruanda zu helfen. Eng arbeitet Ruandahilfe e.V. dabei mit\u00a0seiner ruandischen Partner-Organisation TUBAHUMURIZE zusammen, die wirtschaftlich und sozial benachteiligte Frauen, insbesondere \u00dcberlebende des V\u00f6lkermordes von 1994 unterst\u00fctzt. Zu den von Ruandahilfe e.V.\u00a0gef\u00f6rderten Projekten z\u00e4hlen:<\/p>\n<ul>\n<li>Berufsausbildung von Waisenm\u00e4dchen im Alter von 15 bis 25 Jahren\u00a0in Form einer kostenlosen einj\u00e4hrigen Schneiderlehre<\/li>\n<li>Bereitstellung von Mikrokrediten zur Existenzgr\u00fcndung von wirtschaftlich benachteiligten Frauen<\/li>\n<li>Traumatherapie f\u00fcr V\u00f6lkermordopfer<\/li>\n<li>Medizinische Aufkl\u00e4rung und Versorgung<\/li>\n<li>Lebenshilfe und Aufkl\u00e4rung in den Bereichen\u00a0Menschenrechte und\u00a0Sozialgesetzgebung<\/li>\n<li>Bereitstellung eines gesch\u00fctzten R\u00fcckzugsortes f\u00fcr Frauen<\/li>\n<\/ul>\n","protected":false},"excerpt":{"rendered":"<p>Der gemeinn\u00fctzige Verein Ruandahilfe e.V. wurde im Dezember 2012 gegr\u00fcndet. Das Ziel des Vereins ist es, den Menschen in Ruanda zu helfen. Eng arbeitet Ruandahilfe e.V. dabei mit\u00a0seiner ruandischen Partner-Organisation TUBAHUMURIZE zusammen, die wirtschaftlich und sozial benachteiligte Frauen, insbesondere \u00dcberlebende &hellip; <a href=\"http:\/\/www.ruandahilfe.de\/?page_id=23\">Weiterlesen <span class=\"meta-nav\">&rarr;<\/span><\/a><\/p>\n","protected":false},"author":1,"featured_media":0,"parent":0,"menu_order":4,"comment_status":"open","ping_status":"open","template":"","meta":[],"_links":{"self":[{"href":"http:\/\/www.ruandahilfe.de\/index.php?rest_route=\/wp\/v2\/pages\/23"}],"collection":[{"href":"http:\/\/www.ruandahilfe.de\/index.php?rest_route=\/wp\/v2\/pages"}],"about":[{"href":"http:\/\/www.ruandahilfe.de\/index.php?rest_route=\/wp\/v2\/types\/page"}],"author":[{"embeddable":true,"href":"http:\/\/www.ruandahilfe.de\/index.php?rest_route=\/wp\/v2\/users\/1"}],"replies":[{"embeddable":true,"href":"http:\/\/www.ruandahilfe.de\/index.php?rest_route=%2Fwp%2Fv2%2Fcomments&post=23"}],"version-history":[{"count":6,"href":"http:\/\/www.ruandahilfe.de\/index.php?rest_route=\/wp\/v2\/pages\/23\/revisions"}],"predecessor-version":[{"id":60,"href":"http:\/\/www.ruandahilfe.de\/index.php?rest_route=\/wp\/v2\/pages\/23\/revisions\/60"}],"wp:attachment":[{"href":"http:\/\/www.ruandahilfe.de\/index.php?rest_route=%2Fwp%2Fv2%2Fmedia&parent=23"}],"curies":[{"name":"wp","href":"https:\/\/api.w.org\/{rel}","templated":true}]}}