{"id":53,"date":"2013-01-20T20:01:13","date_gmt":"2013-01-20T18:01:13","guid":{"rendered":"http:\/\/www.ruandahilfe.de\/?page_id=53"},"modified":"2013-01-21T00:51:10","modified_gmt":"2013-01-20T22:51:10","slug":"links","status":"publish","type":"page","link":"http:\/\/www.ruandahilfe.de\/?page_id=53","title":{"rendered":"Links"},"content":{"rendered":"<p><a href=\"http:\/\/www.ruandahilfe.de\/?attachment_id=68\" rel=\"attachment wp-att-68\"><img loading=\"lazy\" class=\" wp-image-68 alignleft\" title=\"Vers\u00f6hnung\" alt=\"\" src=\"http:\/\/www.ruandahilfe.de\/wp-content\/uploads\/2013\/01\/Vers\u00f6hnung.jpg\" width=\"310\" height=\"413\" srcset=\"http:\/\/www.ruandahilfe.de\/wp-content\/uploads\/2013\/01\/Vers\u00f6hnung.jpg 1536w, http:\/\/www.ruandahilfe.de\/wp-content\/uploads\/2013\/01\/Vers\u00f6hnung-225x300.jpg 225w, http:\/\/www.ruandahilfe.de\/wp-content\/uploads\/2013\/01\/Vers\u00f6hnung-768x1024.jpg 768w\" sizes=\"(max-width: 310px) 100vw, 310px\" \/><\/a>Gerne m\u00f6chten wir Sie auch auf folgende Seiten aufmerksam machen:<\/p>\n<p>Unsere\u00a0Partnerorganisation <strong>Tubahumurize<\/strong>: <a title=\"Tubahumurize\" href=\"http:\/\/www.rwandanwomencan.org\" target=\"_blank\">www.rwandanwomencan.org<\/a><\/p>\n<p><strong>Partnerschaft Rheinland-Pfalz mit Ruanda<\/strong>: <a title=\"Partnerschaft Rheinland-Pfalz mit Ruanda\" href=\"http:\/\/www.rlp-ruanda.de\" target=\"_blank\">www.rlp-ruanda.de<\/a><\/p>\n<p><strong>Verein Hilfe f\u00fcr Ruanda aus Hachenburg<\/strong>: <a title=\"Verein Hilfe f\u00fcr Ruanda aus Hachenburg\" href=\"http:\/\/www.hilfe-fuer-ruanda-aus-hachenburg.de\" target=\"_blank\">www.hilfe-fuer-ruanda-aus-hachenburg.de<\/a><\/p>\n<p><strong>Green &amp; Gold Community Garden<\/strong>, ein \u00f6kologisches Gartenbauprojekt in Kanada, das ebenfalls Tubahumurize unterst\u00fctzt: <a title=\"Green &amp; Gold Community Garden\" href=\"http:\/\/http:\/\/www.publichealth.ualberta.ca\/collaborators_partners\/community_engagement\/green_gold_garden.aspx\" target=\"_blank\">http:\/\/http:\/\/www.publichealth.ualberta.ca\/collaborators_partners\/community_engagement\/green_gold_garden.aspx<\/a><\/p>\n<p>&nbsp;<\/p>\n","protected":false},"excerpt":{"rendered":"<p>Gerne m\u00f6chten wir Sie auch auf folgende Seiten aufmerksam machen: Unsere\u00a0Partnerorganisation Tubahumurize: www.rwandanwomencan.org Partnerschaft Rheinland-Pfalz mit Ruanda: www.rlp-ruanda.de Verein Hilfe f\u00fcr Ruanda aus Hachenburg: www.hilfe-fuer-ruanda-aus-hachenburg.de Green &amp; Gold Community Garden, ein \u00f6kologisches Gartenbauprojekt in Kanada, das ebenfalls Tubahumurize unterst\u00fctzt: http:\/\/http:\/\/www.publichealth.ualberta.ca\/collaborators_partners\/community_engagement\/green_gold_garden.aspx &hellip; <a href=\"http:\/\/www.ruandahilfe.de\/?page_id=53\">Weiterlesen <span class=\"meta-nav\">&rarr;<\/span><\/a><\/p>\n","protected":false},"author":1,"featured_media":0,"parent":0,"menu_order":12,"comment_status":"open","ping_status":"open","template":"","meta":[],"_links":{"self":[{"href":"http:\/\/www.ruandahilfe.de\/index.php?rest_route=\/wp\/v2\/pages\/53"}],"collection":[{"href":"http:\/\/www.ruandahilfe.de\/index.php?rest_route=\/wp\/v2\/pages"}],"about":[{"href":"http:\/\/www.ruandahilfe.de\/index.php?rest_route=\/wp\/v2\/types\/page"}],"author":[{"embeddable":true,"href":"http:\/\/www.ruandahilfe.de\/index.php?rest_route=\/wp\/v2\/users\/1"}],"replies":[{"embeddable":true,"href":"http:\/\/www.ruandahilfe.de\/index.php?rest_route=%2Fwp%2Fv2%2Fcomments&post=53"}],"version-history":[{"count":6,"href":"http:\/\/www.ruandahilfe.de\/index.php?rest_route=\/wp\/v2\/pages\/53\/revisions"}],"predecessor-version":[{"id":70,"href":"http:\/\/www.ruandahilfe.de\/index.php?rest_route=\/wp\/v2\/pages\/53\/revisions\/70"}],"wp:attachment":[{"href":"http:\/\/www.ruandahilfe.de\/index.php?rest_route=%2Fwp%2Fv2%2Fmedia&parent=53"}],"curies":[{"name":"wp","href":"https:\/\/api.w.org\/{rel}","templated":true}]}}